{"id":198,"date":"2025-08-25T14:48:10","date_gmt":"2025-08-25T14:48:10","guid":{"rendered":"https:\/\/tyrecare.fi\/?page_id=198"},"modified":"2025-08-25T14:54:30","modified_gmt":"2025-08-25T14:54:30","slug":"huoleton-ajo-tyrecare-huoltosopimuksella","status":"publish","type":"page","link":"https:\/\/tyrecare.fi\/index.php\/huoleton-ajo-tyrecare-huoltosopimuksella\/","title":{"rendered":"Huoleton ajo TyreCare-huoltosopimuksella"},"content":{"rendered":"\n<p><strong>TyreCare -huoltosopimus \u2013 Turvaa renkaasi, huolettomasti<br><\/strong>Pid\u00e4 ajoneuvojesi renkaat aina valvonnassa TyreCaren TPMS-huoltosopimuksella. N\u00e4in se<br>toimii:<\/p>\n\n\n\n<ol class=\"wp-block-list\">\n<li><strong>Toimiva vara-anturi heti k\u00e4ytt\u00f6\u00f6n<br><\/strong>Jos rengaspaineanturi rikkoutuu tai sen paristo loppuu, asiakas ottaa k\u00e4ytt\u00f6\u00f6n<strong> toimivan anturin<br>vara-anturikannasta <\/strong>v\u00e4litt\u00f6m\u00e4sti.<\/li>\n\n\n\n<li><strong>Uusi anturi veloituksetta<\/strong><br>TyreCare toimittaa vara-anturikantaan <strong>uuden anturin ilman lis\u00e4kustannuksia<\/strong>, jotta j\u00e4rjestelm\u00e4<br>pysyy ajan tasalla.<\/li>\n\n\n\n<li><strong>Kaikki j\u00e4rjestelm\u00e4n osat turvassa<\/strong><br>Mik\u00e4 tahansa muu j\u00e4rjestelm\u00e4n osa,<strong> jos se vikaantuu<\/strong>, vaihdetaan <strong>aina toimivaan<\/strong>. Liitt\u00e4minen<br>on helppoa ja nopeaa itse j\u00e4rjestelm\u00e4\u00e4n.<\/li>\n\n\n\n<li><strong>Luotettava vaihtotakuu<\/strong><br>Sopimus sis\u00e4lt\u00e4\u00e4 <strong>3\u20135 vuoden vaihtotakuun<\/strong> antureille ja monitoreille, joten voit unohtaa<br>yll\u00e4tyskulut. Mkasat vain kuukausittain palvelumaksun, joka on sidottu anturi m\u00e4\u00e4r\u00e4\u00e4n.<\/li>\n<\/ol>\n\n\n\n<p><strong>Edut sinulle:<\/strong><\/p>\n\n\n\n<ul class=\"wp-block-list\">\n<li>V\u00e4lit\u00f6n reagointi rikkoutuneisiin antureihin<\/li>\n\n\n\n<li>J\u00e4rjestelm\u00e4 toimii aina luotettavasti<\/li>\n\n\n\n<li>Turvallisuus ja mielenrauha tien p\u00e4\u00e4ll\u00e4<\/li>\n\n\n\n<li>Selke\u00e4 kuukausihinnoittelu ilman yll\u00e4tyksi\u00e4<\/li>\n<\/ul>\n\n\n\n<p><strong>Hanki TyreCare -huoltosopimus nyt<\/strong><\/p>\n\n\n\n<p><\/p>\n","protected":false},"excerpt":{"rendered":"<p>TyreCare -huoltosopimus \u2013 Turvaa renkaasi, huolettomastiPid\u00e4 ajoneuvojesi renkaat aina valvonnassa TyreCaren TPMS-huoltosopimuksella. N\u00e4in setoimii: Edut sinulle: Hanki TyreCare -huoltosopimus nyt<\/p>\n","protected":false},"author":1,"featured_media":0,"parent":0,"menu_order":0,"comment_status":"closed","ping_status":"closed","template":"","meta":{"inspiro_hide_title":false,"footnotes":""},"class_list":["post-198","page","type-page","status-publish","hentry"],"yoast_head":"<!-- This site is optimized with the Yoast SEO plugin v27.4 - https:\/\/yoast.com\/product\/yoast-seo-wordpress\/ -->\n<title>Huoleton ajo TyreCare-huoltosopimuksella - TyreCare<\/title>\n<meta name=\"robots\" content=\"index, follow, max-snippet:-1, max-image-preview:large, max-video-preview:-1\" \/>\n<link rel=\"canonical\" href=\"https:\/\/tyrecare.fi\/index.php\/huoleton-ajo-tyrecare-huoltosopimuksella\/\" \/>\n<meta property=\"og:locale\" content=\"fi_FI\" \/>\n<meta property=\"og:type\" content=\"article\" \/>\n<meta property=\"og:title\" content=\"Huoleton ajo TyreCare-huoltosopimuksella - TyreCare\" \/>\n<meta property=\"og:description\" content=\"TyreCare -huoltosopimus \u2013 Turvaa renkaasi, huolettomastiPid\u00e4 ajoneuvojesi renkaat aina valvonnassa TyreCaren TPMS-huoltosopimuksella. N\u00e4in setoimii: Edut sinulle: Hanki TyreCare -huoltosopimus nyt\" \/>\n<meta property=\"og:url\" content=\"https:\/\/tyrecare.fi\/index.php\/huoleton-ajo-tyrecare-huoltosopimuksella\/\" \/>\n<meta property=\"og:site_name\" content=\"TyreCare\" \/>\n<meta property=\"article:modified_time\" content=\"2025-08-25T14:54:30+00:00\" \/>\n<meta name=\"twitter:card\" content=\"summary_large_image\" \/>\n<meta name=\"twitter:label1\" content=\"Arvioitu lukuaika\" \/>\n\t<meta name=\"twitter:data1\" content=\"1 minuutti\" \/>\n<script type=\"application\/ld+json\" class=\"yoast-schema-graph\">{\"@context\":\"https:\\\/\\\/schema.org\",\"@graph\":[{\"@type\":\"WebPage\",\"@id\":\"https:\\\/\\\/tyrecare.fi\\\/index.php\\\/huoleton-ajo-tyrecare-huoltosopimuksella\\\/\",\"url\":\"https:\\\/\\\/tyrecare.fi\\\/index.php\\\/huoleton-ajo-tyrecare-huoltosopimuksella\\\/\",\"name\":\"Huoleton ajo TyreCare-huoltosopimuksella - TyreCare\",\"isPartOf\":{\"@id\":\"https:\\\/\\\/tyrecare.fi\\\/#website\"},\"datePublished\":\"2025-08-25T14:48:10+00:00\",\"dateModified\":\"2025-08-25T14:54:30+00:00\",\"breadcrumb\":{\"@id\":\"https:\\\/\\\/tyrecare.fi\\\/index.php\\\/huoleton-ajo-tyrecare-huoltosopimuksella\\\/#breadcrumb\"},\"inLanguage\":\"fi\",\"potentialAction\":[{\"@type\":\"ReadAction\",\"target\":[\"https:\\\/\\\/tyrecare.fi\\\/index.php\\\/huoleton-ajo-tyrecare-huoltosopimuksella\\\/\"]}]},{\"@type\":\"BreadcrumbList\",\"@id\":\"https:\\\/\\\/tyrecare.fi\\\/index.php\\\/huoleton-ajo-tyrecare-huoltosopimuksella\\\/#breadcrumb\",\"itemListElement\":[{\"@type\":\"ListItem\",\"position\":1,\"name\":\"Etusivu\",\"item\":\"https:\\\/\\\/tyrecare.fi\\\/\"},{\"@type\":\"ListItem\",\"position\":2,\"name\":\"Huoleton ajo TyreCare-huoltosopimuksella\"}]},{\"@type\":\"WebSite\",\"@id\":\"https:\\\/\\\/tyrecare.fi\\\/#website\",\"url\":\"https:\\\/\\\/tyrecare.fi\\\/\",\"name\":\"TyreCare\",\"description\":\"\",\"publisher\":{\"@id\":\"https:\\\/\\\/tyrecare.fi\\\/#organization\"},\"potentialAction\":[{\"@type\":\"SearchAction\",\"target\":{\"@type\":\"EntryPoint\",\"urlTemplate\":\"https:\\\/\\\/tyrecare.fi\\\/?s={search_term_string}\"},\"query-input\":{\"@type\":\"PropertyValueSpecification\",\"valueRequired\":true,\"valueName\":\"search_term_string\"}}],\"inLanguage\":\"fi\"},{\"@type\":\"Organization\",\"@id\":\"https:\\\/\\\/tyrecare.fi\\\/#organization\",\"name\":\"TyreCare\",\"url\":\"https:\\\/\\\/tyrecare.fi\\\/\",\"logo\":{\"@type\":\"ImageObject\",\"inLanguage\":\"fi\",\"@id\":\"https:\\\/\\\/tyrecare.fi\\\/#\\\/schema\\\/logo\\\/image\\\/\",\"url\":\"https:\\\/\\\/tyrecare.fi\\\/wp-content\\\/uploads\\\/2025\\\/04\\\/cropped-cropped-Untitled-design.png\",\"contentUrl\":\"https:\\\/\\\/tyrecare.fi\\\/wp-content\\\/uploads\\\/2025\\\/04\\\/cropped-cropped-Untitled-design.png\",\"width\":982,\"height\":231,\"caption\":\"TyreCare\"},\"image\":{\"@id\":\"https:\\\/\\\/tyrecare.fi\\\/#\\\/schema\\\/logo\\\/image\\\/\"}}]}<\/script>\n<!-- \/ Yoast SEO plugin. -->","yoast_head_json":{"title":"Huoleton ajo TyreCare-huoltosopimuksella - TyreCare","robots":{"index":"index","follow":"follow","max-snippet":"max-snippet:-1","max-image-preview":"max-image-preview:large","max-video-preview":"max-video-preview:-1"},"canonical":"https:\/\/tyrecare.fi\/index.php\/huoleton-ajo-tyrecare-huoltosopimuksella\/","og_locale":"fi_FI","og_type":"article","og_title":"Huoleton ajo TyreCare-huoltosopimuksella - TyreCare","og_description":"TyreCare -huoltosopimus \u2013 Turvaa renkaasi, huolettomastiPid\u00e4 ajoneuvojesi renkaat aina valvonnassa TyreCaren TPMS-huoltosopimuksella. N\u00e4in setoimii: Edut sinulle: Hanki TyreCare -huoltosopimus nyt","og_url":"https:\/\/tyrecare.fi\/index.php\/huoleton-ajo-tyrecare-huoltosopimuksella\/","og_site_name":"TyreCare","article_modified_time":"2025-08-25T14:54:30+00:00","twitter_card":"summary_large_image","twitter_misc":{"Arvioitu lukuaika":"1 minuutti"},"schema":{"@context":"https:\/\/schema.org","@graph":[{"@type":"WebPage","@id":"https:\/\/tyrecare.fi\/index.php\/huoleton-ajo-tyrecare-huoltosopimuksella\/","url":"https:\/\/tyrecare.fi\/index.php\/huoleton-ajo-tyrecare-huoltosopimuksella\/","name":"Huoleton ajo TyreCare-huoltosopimuksella - TyreCare","isPartOf":{"@id":"https:\/\/tyrecare.fi\/#website"},"datePublished":"2025-08-25T14:48:10+00:00","dateModified":"2025-08-25T14:54:30+00:00","breadcrumb":{"@id":"https:\/\/tyrecare.fi\/index.php\/huoleton-ajo-tyrecare-huoltosopimuksella\/#breadcrumb"},"inLanguage":"fi","potentialAction":[{"@type":"ReadAction","target":["https:\/\/tyrecare.fi\/index.php\/huoleton-ajo-tyrecare-huoltosopimuksella\/"]}]},{"@type":"BreadcrumbList","@id":"https:\/\/tyrecare.fi\/index.php\/huoleton-ajo-tyrecare-huoltosopimuksella\/#breadcrumb","itemListElement":[{"@type":"ListItem","position":1,"name":"Etusivu","item":"https:\/\/tyrecare.fi\/"},{"@type":"ListItem","position":2,"name":"Huoleton ajo TyreCare-huoltosopimuksella"}]},{"@type":"WebSite","@id":"https:\/\/tyrecare.fi\/#website","url":"https:\/\/tyrecare.fi\/","name":"TyreCare","description":"","publisher":{"@id":"https:\/\/tyrecare.fi\/#organization"},"potentialAction":[{"@type":"SearchAction","target":{"@type":"EntryPoint","urlTemplate":"https:\/\/tyrecare.fi\/?s={search_term_string}"},"query-input":{"@type":"PropertyValueSpecification","valueRequired":true,"valueName":"search_term_string"}}],"inLanguage":"fi"},{"@type":"Organization","@id":"https:\/\/tyrecare.fi\/#organization","name":"TyreCare","url":"https:\/\/tyrecare.fi\/","logo":{"@type":"ImageObject","inLanguage":"fi","@id":"https:\/\/tyrecare.fi\/#\/schema\/logo\/image\/","url":"https:\/\/tyrecare.fi\/wp-content\/uploads\/2025\/04\/cropped-cropped-Untitled-design.png","contentUrl":"https:\/\/tyrecare.fi\/wp-content\/uploads\/2025\/04\/cropped-cropped-Untitled-design.png","width":982,"height":231,"caption":"TyreCare"},"image":{"@id":"https:\/\/tyrecare.fi\/#\/schema\/logo\/image\/"}}]}},"_links":{"self":[{"href":"https:\/\/tyrecare.fi\/index.php\/wp-json\/wp\/v2\/pages\/198","targetHints":{"allow":["GET"]}}],"collection":[{"href":"https:\/\/tyrecare.fi\/index.php\/wp-json\/wp\/v2\/pages"}],"about":[{"href":"https:\/\/tyrecare.fi\/index.php\/wp-json\/wp\/v2\/types\/page"}],"author":[{"embeddable":true,"href":"https:\/\/tyrecare.fi\/index.php\/wp-json\/wp\/v2\/users\/1"}],"replies":[{"embeddable":true,"href":"https:\/\/tyrecare.fi\/index.php\/wp-json\/wp\/v2\/comments?post=198"}],"version-history":[{"count":2,"href":"https:\/\/tyrecare.fi\/index.php\/wp-json\/wp\/v2\/pages\/198\/revisions"}],"predecessor-version":[{"id":203,"href":"https:\/\/tyrecare.fi\/index.php\/wp-json\/wp\/v2\/pages\/198\/revisions\/203"}],"wp:attachment":[{"href":"https:\/\/tyrecare.fi\/index.php\/wp-json\/wp\/v2\/media?parent=198"}],"curies":[{"name":"wp","href":"https:\/\/api.w.org\/{rel}","templated":true}]}}