{"id":135,"date":"2025-04-22T10:13:21","date_gmt":"2025-04-22T10:13:21","guid":{"rendered":"https:\/\/tyrecare.fi\/?page_id=135"},"modified":"2025-04-22T11:30:41","modified_gmt":"2025-04-22T11:30:41","slug":"sertifikaatit-ja-testi-raportit","status":"publish","type":"page","link":"https:\/\/tyrecare.fi\/index.php\/sertifikaatit-ja-testi-raportit\/","title":{"rendered":"Sertifikaatit ja testi raportit"},"content":{"rendered":"\n<p><a href=\"https:\/\/tyrecare.fi\/wp-content\/uploads\/2025\/04\/ROHS-sensori.pdf\">ROHS ; sensori<\/a><\/p>\n\n\n\n<p><a href=\"https:\/\/tyrecare.fi\/wp-content\/uploads\/2025\/04\/ROHS-vastaanotin.pdf\">ROHS; vastaanotin<\/a><\/p>\n\n\n\n<p><a href=\"https:\/\/tyrecare.fi\/wp-content\/uploads\/2025\/04\/ROHS-vahvistin.pdf\">ROHS ; vahvistin<\/a><\/p>\n\n\n\n<p><a href=\"https:\/\/tyrecare.fi\/wp-content\/uploads\/2025\/04\/CE_NEW-2.pdf.pdf\">CE ; vaatimustenmukaisuustodistus<\/a><\/p>\n\n\n\n<p><a href=\"https:\/\/tyrecare.fi\/wp-content\/uploads\/2025\/04\/E24-1.pdf\">ECE (E24) ; tyyppihyv\u00e4ksynt\u00e4 sertifikaatti<\/a><\/p>\n\n\n\n<p><a href=\"https:\/\/tyrecare.fi\/wp-content\/uploads\/2025\/04\/Paasto-ja-hairionsietotestien-tulokset.pdf\">Liite A ; p\u00e4\u00e4st\u00f6 &#8211; ja h\u00e4iri\u00f6nsietotestien tulokset<\/a><\/p>\n\n\n\n<p><a href=\"https:\/\/tyrecare.fi\/wp-content\/uploads\/2025\/04\/EN-IEC.pdf\">Testiraportti EN IEC 62368-1 ; audio\/video-, tieto- ja viestint\u00e4tekniikan laitteet<\/a><\/p>\n\n\n\n<p><a href=\"https:\/\/tyrecare.fi\/wp-content\/uploads\/2025\/04\/EMC-1.pdf\">EMC- testi ; s\u00e4hk\u00f6magneettisen yhteensopivuuden testaus<\/a><\/p>\n\n\n\n<p><a href=\"https:\/\/tyrecare.fi\/wp-content\/uploads\/2025\/04\/Radio-1.pdf\">Radiotestiraportti ( 33.92MHz )<\/a><\/p>\n\n\n\n<p><a href=\"https:\/\/tyrecare.fi\/wp-content\/uploads\/2025\/04\/Health.pdf\">Tuotteen terveystestiraportti<\/a><\/p>\n\n\n\n<p><\/p>\n\n\n\n<p><\/p>\n","protected":false},"excerpt":{"rendered":"<p>ROHS ; sensori ROHS; vastaanotin ROHS ; vahvistin CE ; vaatimustenmukaisuustodistus ECE (E24) ; tyyppihyv\u00e4ksynt\u00e4 sertifikaatti Liite A ; p\u00e4\u00e4st\u00f6 &#8211; ja h\u00e4iri\u00f6nsietotestien tulokset Testiraportti EN IEC 62368-1 ; audio\/video-, tieto- ja viestint\u00e4tekniikan laitteet EMC- testi ; s\u00e4hk\u00f6magneettisen yhteensopivuuden testaus Radiotestiraportti ( 33.92MHz ) Tuotteen terveystestiraportti<\/p>\n","protected":false},"author":1,"featured_media":0,"parent":0,"menu_order":0,"comment_status":"closed","ping_status":"closed","template":"","meta":{"inspiro_hide_title":false,"footnotes":""},"class_list":["post-135","page","type-page","status-publish","hentry"],"yoast_head":"<!-- This site is optimized with the Yoast SEO plugin v27.4 - https:\/\/yoast.com\/product\/yoast-seo-wordpress\/ -->\n<title>Sertifikaatit ja testi raportit - TyreCare<\/title>\n<meta name=\"robots\" content=\"index, follow, max-snippet:-1, max-image-preview:large, max-video-preview:-1\" \/>\n<link rel=\"canonical\" href=\"https:\/\/tyrecare.fi\/index.php\/sertifikaatit-ja-testi-raportit\/\" \/>\n<meta property=\"og:locale\" content=\"fi_FI\" \/>\n<meta property=\"og:type\" content=\"article\" \/>\n<meta property=\"og:title\" content=\"Sertifikaatit ja testi raportit - TyreCare\" \/>\n<meta property=\"og:description\" content=\"ROHS ; sensori ROHS; vastaanotin ROHS ; vahvistin CE ; vaatimustenmukaisuustodistus ECE (E24) ; tyyppihyv\u00e4ksynt\u00e4 sertifikaatti Liite A ; p\u00e4\u00e4st\u00f6 &#8211; ja h\u00e4iri\u00f6nsietotestien tulokset Testiraportti EN IEC 62368-1 ; audio\/video-, tieto- ja viestint\u00e4tekniikan laitteet EMC- testi ; s\u00e4hk\u00f6magneettisen yhteensopivuuden testaus Radiotestiraportti ( 33.92MHz ) Tuotteen terveystestiraportti\" \/>\n<meta property=\"og:url\" content=\"https:\/\/tyrecare.fi\/index.php\/sertifikaatit-ja-testi-raportit\/\" \/>\n<meta property=\"og:site_name\" content=\"TyreCare\" \/>\n<meta property=\"article:modified_time\" content=\"2025-04-22T11:30:41+00:00\" \/>\n<meta name=\"twitter:card\" content=\"summary_large_image\" \/>\n<meta name=\"twitter:label1\" content=\"Arvioitu lukuaika\" \/>\n\t<meta name=\"twitter:data1\" content=\"1 minuutti\" \/>\n<script type=\"application\/ld+json\" class=\"yoast-schema-graph\">{\"@context\":\"https:\\\/\\\/schema.org\",\"@graph\":[{\"@type\":\"WebPage\",\"@id\":\"https:\\\/\\\/tyrecare.fi\\\/index.php\\\/sertifikaatit-ja-testi-raportit\\\/\",\"url\":\"https:\\\/\\\/tyrecare.fi\\\/index.php\\\/sertifikaatit-ja-testi-raportit\\\/\",\"name\":\"Sertifikaatit ja testi raportit - TyreCare\",\"isPartOf\":{\"@id\":\"https:\\\/\\\/tyrecare.fi\\\/#website\"},\"datePublished\":\"2025-04-22T10:13:21+00:00\",\"dateModified\":\"2025-04-22T11:30:41+00:00\",\"breadcrumb\":{\"@id\":\"https:\\\/\\\/tyrecare.fi\\\/index.php\\\/sertifikaatit-ja-testi-raportit\\\/#breadcrumb\"},\"inLanguage\":\"fi\",\"potentialAction\":[{\"@type\":\"ReadAction\",\"target\":[\"https:\\\/\\\/tyrecare.fi\\\/index.php\\\/sertifikaatit-ja-testi-raportit\\\/\"]}]},{\"@type\":\"BreadcrumbList\",\"@id\":\"https:\\\/\\\/tyrecare.fi\\\/index.php\\\/sertifikaatit-ja-testi-raportit\\\/#breadcrumb\",\"itemListElement\":[{\"@type\":\"ListItem\",\"position\":1,\"name\":\"Etusivu\",\"item\":\"https:\\\/\\\/tyrecare.fi\\\/\"},{\"@type\":\"ListItem\",\"position\":2,\"name\":\"Sertifikaatit ja testi raportit\"}]},{\"@type\":\"WebSite\",\"@id\":\"https:\\\/\\\/tyrecare.fi\\\/#website\",\"url\":\"https:\\\/\\\/tyrecare.fi\\\/\",\"name\":\"TyreCare\",\"description\":\"\",\"publisher\":{\"@id\":\"https:\\\/\\\/tyrecare.fi\\\/#organization\"},\"potentialAction\":[{\"@type\":\"SearchAction\",\"target\":{\"@type\":\"EntryPoint\",\"urlTemplate\":\"https:\\\/\\\/tyrecare.fi\\\/?s={search_term_string}\"},\"query-input\":{\"@type\":\"PropertyValueSpecification\",\"valueRequired\":true,\"valueName\":\"search_term_string\"}}],\"inLanguage\":\"fi\"},{\"@type\":\"Organization\",\"@id\":\"https:\\\/\\\/tyrecare.fi\\\/#organization\",\"name\":\"TyreCare\",\"url\":\"https:\\\/\\\/tyrecare.fi\\\/\",\"logo\":{\"@type\":\"ImageObject\",\"inLanguage\":\"fi\",\"@id\":\"https:\\\/\\\/tyrecare.fi\\\/#\\\/schema\\\/logo\\\/image\\\/\",\"url\":\"https:\\\/\\\/tyrecare.fi\\\/wp-content\\\/uploads\\\/2025\\\/04\\\/cropped-cropped-Untitled-design.png\",\"contentUrl\":\"https:\\\/\\\/tyrecare.fi\\\/wp-content\\\/uploads\\\/2025\\\/04\\\/cropped-cropped-Untitled-design.png\",\"width\":982,\"height\":231,\"caption\":\"TyreCare\"},\"image\":{\"@id\":\"https:\\\/\\\/tyrecare.fi\\\/#\\\/schema\\\/logo\\\/image\\\/\"}}]}<\/script>\n<!-- \/ Yoast SEO plugin. -->","yoast_head_json":{"title":"Sertifikaatit ja testi raportit - TyreCare","robots":{"index":"index","follow":"follow","max-snippet":"max-snippet:-1","max-image-preview":"max-image-preview:large","max-video-preview":"max-video-preview:-1"},"canonical":"https:\/\/tyrecare.fi\/index.php\/sertifikaatit-ja-testi-raportit\/","og_locale":"fi_FI","og_type":"article","og_title":"Sertifikaatit ja testi raportit - TyreCare","og_description":"ROHS ; sensori ROHS; vastaanotin ROHS ; vahvistin CE ; vaatimustenmukaisuustodistus ECE (E24) ; tyyppihyv\u00e4ksynt\u00e4 sertifikaatti Liite A ; p\u00e4\u00e4st\u00f6 &#8211; ja h\u00e4iri\u00f6nsietotestien tulokset Testiraportti EN IEC 62368-1 ; audio\/video-, tieto- ja viestint\u00e4tekniikan laitteet EMC- testi ; s\u00e4hk\u00f6magneettisen yhteensopivuuden testaus Radiotestiraportti ( 33.92MHz ) Tuotteen terveystestiraportti","og_url":"https:\/\/tyrecare.fi\/index.php\/sertifikaatit-ja-testi-raportit\/","og_site_name":"TyreCare","article_modified_time":"2025-04-22T11:30:41+00:00","twitter_card":"summary_large_image","twitter_misc":{"Arvioitu lukuaika":"1 minuutti"},"schema":{"@context":"https:\/\/schema.org","@graph":[{"@type":"WebPage","@id":"https:\/\/tyrecare.fi\/index.php\/sertifikaatit-ja-testi-raportit\/","url":"https:\/\/tyrecare.fi\/index.php\/sertifikaatit-ja-testi-raportit\/","name":"Sertifikaatit ja testi raportit - TyreCare","isPartOf":{"@id":"https:\/\/tyrecare.fi\/#website"},"datePublished":"2025-04-22T10:13:21+00:00","dateModified":"2025-04-22T11:30:41+00:00","breadcrumb":{"@id":"https:\/\/tyrecare.fi\/index.php\/sertifikaatit-ja-testi-raportit\/#breadcrumb"},"inLanguage":"fi","potentialAction":[{"@type":"ReadAction","target":["https:\/\/tyrecare.fi\/index.php\/sertifikaatit-ja-testi-raportit\/"]}]},{"@type":"BreadcrumbList","@id":"https:\/\/tyrecare.fi\/index.php\/sertifikaatit-ja-testi-raportit\/#breadcrumb","itemListElement":[{"@type":"ListItem","position":1,"name":"Etusivu","item":"https:\/\/tyrecare.fi\/"},{"@type":"ListItem","position":2,"name":"Sertifikaatit ja testi raportit"}]},{"@type":"WebSite","@id":"https:\/\/tyrecare.fi\/#website","url":"https:\/\/tyrecare.fi\/","name":"TyreCare","description":"","publisher":{"@id":"https:\/\/tyrecare.fi\/#organization"},"potentialAction":[{"@type":"SearchAction","target":{"@type":"EntryPoint","urlTemplate":"https:\/\/tyrecare.fi\/?s={search_term_string}"},"query-input":{"@type":"PropertyValueSpecification","valueRequired":true,"valueName":"search_term_string"}}],"inLanguage":"fi"},{"@type":"Organization","@id":"https:\/\/tyrecare.fi\/#organization","name":"TyreCare","url":"https:\/\/tyrecare.fi\/","logo":{"@type":"ImageObject","inLanguage":"fi","@id":"https:\/\/tyrecare.fi\/#\/schema\/logo\/image\/","url":"https:\/\/tyrecare.fi\/wp-content\/uploads\/2025\/04\/cropped-cropped-Untitled-design.png","contentUrl":"https:\/\/tyrecare.fi\/wp-content\/uploads\/2025\/04\/cropped-cropped-Untitled-design.png","width":982,"height":231,"caption":"TyreCare"},"image":{"@id":"https:\/\/tyrecare.fi\/#\/schema\/logo\/image\/"}}]}},"_links":{"self":[{"href":"https:\/\/tyrecare.fi\/index.php\/wp-json\/wp\/v2\/pages\/135","targetHints":{"allow":["GET"]}}],"collection":[{"href":"https:\/\/tyrecare.fi\/index.php\/wp-json\/wp\/v2\/pages"}],"about":[{"href":"https:\/\/tyrecare.fi\/index.php\/wp-json\/wp\/v2\/types\/page"}],"author":[{"embeddable":true,"href":"https:\/\/tyrecare.fi\/index.php\/wp-json\/wp\/v2\/users\/1"}],"replies":[{"embeddable":true,"href":"https:\/\/tyrecare.fi\/index.php\/wp-json\/wp\/v2\/comments?post=135"}],"version-history":[{"count":21,"href":"https:\/\/tyrecare.fi\/index.php\/wp-json\/wp\/v2\/pages\/135\/revisions"}],"predecessor-version":[{"id":176,"href":"https:\/\/tyrecare.fi\/index.php\/wp-json\/wp\/v2\/pages\/135\/revisions\/176"}],"wp:attachment":[{"href":"https:\/\/tyrecare.fi\/index.php\/wp-json\/wp\/v2\/media?parent=135"}],"curies":[{"name":"wp","href":"https:\/\/api.w.org\/{rel}","templated":true}]}}