{"id":127,"date":"2025-04-22T09:27:48","date_gmt":"2025-04-22T09:27:48","guid":{"rendered":"https:\/\/tyrecare.fi\/?page_id=127"},"modified":"2025-04-22T09:34:03","modified_gmt":"2025-04-22T09:34:03","slug":"kayttoohje","status":"publish","type":"page","link":"https:\/\/tyrecare.fi\/index.php\/kayttoohje\/","title":{"rendered":"K\u00e4ytt\u00f6ohje"},"content":{"rendered":"\n<p>Lataa PDF TyreCare k\u00e4ytt\u00f6ohje <a href=\"https:\/\/tyrecare.fi\/wp-content\/uploads\/2025\/04\/Manual-Tyrecare-Finnish.pdf\">t\u00e4st\u00e4<\/a><\/p>\n","protected":false},"excerpt":{"rendered":"<p>Lataa PDF TyreCare k\u00e4ytt\u00f6ohje t\u00e4st\u00e4<\/p>\n","protected":false},"author":1,"featured_media":0,"parent":0,"menu_order":0,"comment_status":"closed","ping_status":"closed","template":"","meta":{"inspiro_hide_title":false,"footnotes":""},"class_list":["post-127","page","type-page","status-publish","hentry"],"yoast_head":"<!-- This site is optimized with the Yoast SEO plugin v27.4 - https:\/\/yoast.com\/product\/yoast-seo-wordpress\/ -->\n<title>K\u00e4ytt\u00f6ohje - TyreCare<\/title>\n<meta name=\"robots\" content=\"index, follow, max-snippet:-1, max-image-preview:large, max-video-preview:-1\" \/>\n<link rel=\"canonical\" href=\"https:\/\/tyrecare.fi\/index.php\/kayttoohje\/\" \/>\n<meta property=\"og:locale\" content=\"fi_FI\" \/>\n<meta property=\"og:type\" content=\"article\" \/>\n<meta property=\"og:title\" content=\"K\u00e4ytt\u00f6ohje - TyreCare\" \/>\n<meta property=\"og:description\" content=\"Lataa PDF TyreCare k\u00e4ytt\u00f6ohje t\u00e4st\u00e4\" \/>\n<meta property=\"og:url\" content=\"https:\/\/tyrecare.fi\/index.php\/kayttoohje\/\" \/>\n<meta property=\"og:site_name\" content=\"TyreCare\" \/>\n<meta property=\"article:modified_time\" content=\"2025-04-22T09:34:03+00:00\" \/>\n<meta name=\"twitter:card\" content=\"summary_large_image\" \/>\n<meta name=\"twitter:label1\" content=\"Arvioitu lukuaika\" \/>\n\t<meta name=\"twitter:data1\" content=\"1 minuutti\" \/>\n<script type=\"application\/ld+json\" class=\"yoast-schema-graph\">{\"@context\":\"https:\\\/\\\/schema.org\",\"@graph\":[{\"@type\":\"WebPage\",\"@id\":\"https:\\\/\\\/tyrecare.fi\\\/index.php\\\/kayttoohje\\\/\",\"url\":\"https:\\\/\\\/tyrecare.fi\\\/index.php\\\/kayttoohje\\\/\",\"name\":\"K\u00e4ytt\u00f6ohje - TyreCare\",\"isPartOf\":{\"@id\":\"https:\\\/\\\/tyrecare.fi\\\/#website\"},\"datePublished\":\"2025-04-22T09:27:48+00:00\",\"dateModified\":\"2025-04-22T09:34:03+00:00\",\"breadcrumb\":{\"@id\":\"https:\\\/\\\/tyrecare.fi\\\/index.php\\\/kayttoohje\\\/#breadcrumb\"},\"inLanguage\":\"fi\",\"potentialAction\":[{\"@type\":\"ReadAction\",\"target\":[\"https:\\\/\\\/tyrecare.fi\\\/index.php\\\/kayttoohje\\\/\"]}]},{\"@type\":\"BreadcrumbList\",\"@id\":\"https:\\\/\\\/tyrecare.fi\\\/index.php\\\/kayttoohje\\\/#breadcrumb\",\"itemListElement\":[{\"@type\":\"ListItem\",\"position\":1,\"name\":\"Etusivu\",\"item\":\"https:\\\/\\\/tyrecare.fi\\\/\"},{\"@type\":\"ListItem\",\"position\":2,\"name\":\"K\u00e4ytt\u00f6ohje\"}]},{\"@type\":\"WebSite\",\"@id\":\"https:\\\/\\\/tyrecare.fi\\\/#website\",\"url\":\"https:\\\/\\\/tyrecare.fi\\\/\",\"name\":\"TyreCare\",\"description\":\"\",\"publisher\":{\"@id\":\"https:\\\/\\\/tyrecare.fi\\\/#organization\"},\"potentialAction\":[{\"@type\":\"SearchAction\",\"target\":{\"@type\":\"EntryPoint\",\"urlTemplate\":\"https:\\\/\\\/tyrecare.fi\\\/?s={search_term_string}\"},\"query-input\":{\"@type\":\"PropertyValueSpecification\",\"valueRequired\":true,\"valueName\":\"search_term_string\"}}],\"inLanguage\":\"fi\"},{\"@type\":\"Organization\",\"@id\":\"https:\\\/\\\/tyrecare.fi\\\/#organization\",\"name\":\"TyreCare\",\"url\":\"https:\\\/\\\/tyrecare.fi\\\/\",\"logo\":{\"@type\":\"ImageObject\",\"inLanguage\":\"fi\",\"@id\":\"https:\\\/\\\/tyrecare.fi\\\/#\\\/schema\\\/logo\\\/image\\\/\",\"url\":\"https:\\\/\\\/tyrecare.fi\\\/wp-content\\\/uploads\\\/2025\\\/04\\\/cropped-cropped-Untitled-design.png\",\"contentUrl\":\"https:\\\/\\\/tyrecare.fi\\\/wp-content\\\/uploads\\\/2025\\\/04\\\/cropped-cropped-Untitled-design.png\",\"width\":982,\"height\":231,\"caption\":\"TyreCare\"},\"image\":{\"@id\":\"https:\\\/\\\/tyrecare.fi\\\/#\\\/schema\\\/logo\\\/image\\\/\"}}]}<\/script>\n<!-- \/ Yoast SEO plugin. -->","yoast_head_json":{"title":"K\u00e4ytt\u00f6ohje - TyreCare","robots":{"index":"index","follow":"follow","max-snippet":"max-snippet:-1","max-image-preview":"max-image-preview:large","max-video-preview":"max-video-preview:-1"},"canonical":"https:\/\/tyrecare.fi\/index.php\/kayttoohje\/","og_locale":"fi_FI","og_type":"article","og_title":"K\u00e4ytt\u00f6ohje - TyreCare","og_description":"Lataa PDF TyreCare k\u00e4ytt\u00f6ohje t\u00e4st\u00e4","og_url":"https:\/\/tyrecare.fi\/index.php\/kayttoohje\/","og_site_name":"TyreCare","article_modified_time":"2025-04-22T09:34:03+00:00","twitter_card":"summary_large_image","twitter_misc":{"Arvioitu lukuaika":"1 minuutti"},"schema":{"@context":"https:\/\/schema.org","@graph":[{"@type":"WebPage","@id":"https:\/\/tyrecare.fi\/index.php\/kayttoohje\/","url":"https:\/\/tyrecare.fi\/index.php\/kayttoohje\/","name":"K\u00e4ytt\u00f6ohje - TyreCare","isPartOf":{"@id":"https:\/\/tyrecare.fi\/#website"},"datePublished":"2025-04-22T09:27:48+00:00","dateModified":"2025-04-22T09:34:03+00:00","breadcrumb":{"@id":"https:\/\/tyrecare.fi\/index.php\/kayttoohje\/#breadcrumb"},"inLanguage":"fi","potentialAction":[{"@type":"ReadAction","target":["https:\/\/tyrecare.fi\/index.php\/kayttoohje\/"]}]},{"@type":"BreadcrumbList","@id":"https:\/\/tyrecare.fi\/index.php\/kayttoohje\/#breadcrumb","itemListElement":[{"@type":"ListItem","position":1,"name":"Etusivu","item":"https:\/\/tyrecare.fi\/"},{"@type":"ListItem","position":2,"name":"K\u00e4ytt\u00f6ohje"}]},{"@type":"WebSite","@id":"https:\/\/tyrecare.fi\/#website","url":"https:\/\/tyrecare.fi\/","name":"TyreCare","description":"","publisher":{"@id":"https:\/\/tyrecare.fi\/#organization"},"potentialAction":[{"@type":"SearchAction","target":{"@type":"EntryPoint","urlTemplate":"https:\/\/tyrecare.fi\/?s={search_term_string}"},"query-input":{"@type":"PropertyValueSpecification","valueRequired":true,"valueName":"search_term_string"}}],"inLanguage":"fi"},{"@type":"Organization","@id":"https:\/\/tyrecare.fi\/#organization","name":"TyreCare","url":"https:\/\/tyrecare.fi\/","logo":{"@type":"ImageObject","inLanguage":"fi","@id":"https:\/\/tyrecare.fi\/#\/schema\/logo\/image\/","url":"https:\/\/tyrecare.fi\/wp-content\/uploads\/2025\/04\/cropped-cropped-Untitled-design.png","contentUrl":"https:\/\/tyrecare.fi\/wp-content\/uploads\/2025\/04\/cropped-cropped-Untitled-design.png","width":982,"height":231,"caption":"TyreCare"},"image":{"@id":"https:\/\/tyrecare.fi\/#\/schema\/logo\/image\/"}}]}},"_links":{"self":[{"href":"https:\/\/tyrecare.fi\/index.php\/wp-json\/wp\/v2\/pages\/127","targetHints":{"allow":["GET"]}}],"collection":[{"href":"https:\/\/tyrecare.fi\/index.php\/wp-json\/wp\/v2\/pages"}],"about":[{"href":"https:\/\/tyrecare.fi\/index.php\/wp-json\/wp\/v2\/types\/page"}],"author":[{"embeddable":true,"href":"https:\/\/tyrecare.fi\/index.php\/wp-json\/wp\/v2\/users\/1"}],"replies":[{"embeddable":true,"href":"https:\/\/tyrecare.fi\/index.php\/wp-json\/wp\/v2\/comments?post=127"}],"version-history":[{"count":3,"href":"https:\/\/tyrecare.fi\/index.php\/wp-json\/wp\/v2\/pages\/127\/revisions"}],"predecessor-version":[{"id":134,"href":"https:\/\/tyrecare.fi\/index.php\/wp-json\/wp\/v2\/pages\/127\/revisions\/134"}],"wp:attachment":[{"href":"https:\/\/tyrecare.fi\/index.php\/wp-json\/wp\/v2\/media?parent=127"}],"curies":[{"name":"wp","href":"https:\/\/api.w.org\/{rel}","templated":true}]}}