{"id":11,"date":"2025-04-12T12:57:20","date_gmt":"2025-04-12T12:57:20","guid":{"rendered":"https:\/\/tyrecare.fi\/?page_id=11"},"modified":"2025-04-13T13:37:52","modified_gmt":"2025-04-13T13:37:52","slug":"about","status":"publish","type":"page","link":"https:\/\/tyrecare.fi\/index.php\/about\/","title":{"rendered":"Vuodesta 2014"},"content":{"rendered":"\n<h2 class=\"wp-block-heading has-large-font-size\" id=\"inspiro-is-a-digital-product-agency-that-focuses-on-strategy-and-design\" style=\"font-style:normal;font-weight:100\"><strong>TyreCare \u2013 Suomen ensimm\u00e4inen raskaankaluston TPMS-ratkaisujen tuottaja<\/strong><\/h2>\n\n\n\n<p>TyreCare (entiselt\u00e4 nimelt\u00e4\u00e4n TPMS-Finland) on Suomen ensimm\u00e4inen raskaankaluston rengaspaineen ja l\u00e4mp\u00f6tilan valvontaj\u00e4rjestelmien (TPMS) maahantuoja ja markkinoija. Toimme n\u00e4m\u00e4 huipputeknologiset ratkaisut markkinoille jo vuonna 2014, vuosia ennen EU:n asettamia pakollisia vaatimuksia.<\/p>\n\n\n\n<p><strong>Alan edell\u00e4k\u00e4vij\u00e4 jo yli 10 vuotta<\/strong><\/p>\n\n\n\n<p>TyreCare on toimittanut kest\u00e4vi\u00e4 ja tarkkoja TPMS-j\u00e4rjestelmi\u00e4 kuorma-autoihin, ajoneuvoyhdistelmiin, linja-autoihin ja ty\u00f6koneisiin. Nykyiset j\u00e4rjestelm\u00e4mme kykenev\u00e4t seuraamaan reaaliajassa jopa 110 renkaan painetta ja l\u00e4mp\u00f6tilaa yhdelt\u00e4 selke\u00e4lt\u00e4 n\u00e4yt\u00f6lt\u00e4 \u2013 t\u00e4m\u00e4 on yksi markkinoiden kattavimmista valvontakyvyist\u00e4.<\/p>\n\n\n\n<p><strong>Luotettua laatua tien p\u00e4\u00e4ll\u00e4<\/strong><\/p>\n\n\n\n<p>TPMS-j\u00e4rjestelm\u00e4mme ovat k\u00e4yt\u00f6ss\u00e4 jo yli 1 000 raskaassa ajoneuvoyhdistelm\u00e4ss\u00e4 Suomessa \u2013 ja m\u00e4\u00e4r\u00e4 kasvaa jatkuvasti. TyreCare on sitoutunut kehitt\u00e4m\u00e4\u00e4n \u00e4lykk\u00e4it\u00e4 ja kustannustehokkaita ratkaisuja logistiikka- ja kuljetusalan tarpeisiin.<\/p>\n\n\n\n<div style=\"height:100px\" aria-hidden=\"true\" class=\"wp-block-spacer\"><\/div>\n\n\n\n<figure class=\"wp-block-image size-large\"><img loading=\"lazy\" decoding=\"async\" width=\"1024\" height=\"427\" src=\"https:\/\/tyrecare.fi\/wp-content\/uploads\/2025\/04\/IMG_0168-1024x427.jpeg\" alt=\"\" class=\"wp-image-27\" srcset=\"https:\/\/tyrecare.fi\/wp-content\/uploads\/2025\/04\/IMG_0168-1024x427.jpeg 1024w, https:\/\/tyrecare.fi\/wp-content\/uploads\/2025\/04\/IMG_0168-300x125.jpeg 300w, https:\/\/tyrecare.fi\/wp-content\/uploads\/2025\/04\/IMG_0168.jpeg 1920w\" sizes=\"auto, (max-width: 1024px) 100vw, 1024px\" \/><\/figure>\n","protected":false},"excerpt":{"rendered":"<p>TyreCare \u2013 Suomen ensimm\u00e4inen raskaankaluston TPMS-ratkaisujen tuottaja TyreCare (entiselt\u00e4 nimelt\u00e4\u00e4n TPMS-Finland) on Suomen ensimm\u00e4inen raskaankaluston rengaspaineen ja l\u00e4mp\u00f6tilan valvontaj\u00e4rjestelmien (TPMS) maahantuoja ja markkinoija. Toimme n\u00e4m\u00e4 huipputeknologiset ratkaisut markkinoille jo vuonna 2014, vuosia ennen EU:n asettamia pakollisia vaatimuksia. Alan edell\u00e4k\u00e4vij\u00e4 jo yli 10 vuotta TyreCare on toimittanut kest\u00e4vi\u00e4 ja tarkkoja TPMS-j\u00e4rjestelmi\u00e4 kuorma-autoihin, ajoneuvoyhdistelmiin, linja-autoihin ja ty\u00f6koneisiin. &hellip; <\/p>\n<p class=\"link-more\"><a href=\"https:\/\/tyrecare.fi\/index.php\/about\/\" class=\"more-link\">Read more<span class=\"screen-reader-text\"> &#8221;Vuodesta 2014&#8221;<\/span><\/a><\/p>\n","protected":false},"author":1,"featured_media":8,"parent":0,"menu_order":0,"comment_status":"closed","ping_status":"closed","template":"","meta":{"inspiro_hide_title":false,"footnotes":""},"class_list":["post-11","page","type-page","status-publish","has-post-thumbnail","hentry"],"yoast_head":"<!-- This site is optimized with the Yoast SEO plugin v27.4 - https:\/\/yoast.com\/product\/yoast-seo-wordpress\/ -->\n<title>Vuodesta 2014 - TyreCare<\/title>\n<meta name=\"robots\" content=\"index, follow, max-snippet:-1, max-image-preview:large, max-video-preview:-1\" \/>\n<link rel=\"canonical\" href=\"https:\/\/tyrecare.fi\/index.php\/about\/\" \/>\n<meta property=\"og:locale\" content=\"fi_FI\" \/>\n<meta property=\"og:type\" content=\"article\" \/>\n<meta property=\"og:title\" content=\"Vuodesta 2014 - TyreCare\" \/>\n<meta property=\"og:description\" content=\"TyreCare \u2013 Suomen ensimm\u00e4inen raskaankaluston TPMS-ratkaisujen tuottaja TyreCare (entiselt\u00e4 nimelt\u00e4\u00e4n TPMS-Finland) on Suomen ensimm\u00e4inen raskaankaluston rengaspaineen ja l\u00e4mp\u00f6tilan valvontaj\u00e4rjestelmien (TPMS) maahantuoja ja markkinoija. Toimme n\u00e4m\u00e4 huipputeknologiset ratkaisut markkinoille jo vuonna 2014, vuosia ennen EU:n asettamia pakollisia vaatimuksia. Alan edell\u00e4k\u00e4vij\u00e4 jo yli 10 vuotta TyreCare on toimittanut kest\u00e4vi\u00e4 ja tarkkoja TPMS-j\u00e4rjestelmi\u00e4 kuorma-autoihin, ajoneuvoyhdistelmiin, linja-autoihin ja ty\u00f6koneisiin. &hellip; Read more &quot;Vuodesta 2014&quot;\" \/>\n<meta property=\"og:url\" content=\"https:\/\/tyrecare.fi\/index.php\/about\/\" \/>\n<meta property=\"og:site_name\" content=\"TyreCare\" \/>\n<meta property=\"article:modified_time\" content=\"2025-04-13T13:37:52+00:00\" \/>\n<meta property=\"og:image\" content=\"https:\/\/tyrecare.fi\/wp-content\/uploads\/2025\/04\/StockSnap_M6D1GS9PSL.jpg\" \/>\n\t<meta property=\"og:image:width\" content=\"2000\" \/>\n\t<meta property=\"og:image:height\" content=\"1317\" \/>\n\t<meta property=\"og:image:type\" content=\"image\/jpeg\" \/>\n<meta name=\"twitter:card\" content=\"summary_large_image\" \/>\n<meta name=\"twitter:label1\" content=\"Arvioitu lukuaika\" \/>\n\t<meta name=\"twitter:data1\" content=\"2 minuuttia\" \/>\n<script type=\"application\/ld+json\" class=\"yoast-schema-graph\">{\"@context\":\"https:\\\/\\\/schema.org\",\"@graph\":[{\"@type\":\"WebPage\",\"@id\":\"https:\\\/\\\/tyrecare.fi\\\/index.php\\\/about\\\/\",\"url\":\"https:\\\/\\\/tyrecare.fi\\\/index.php\\\/about\\\/\",\"name\":\"Vuodesta 2014 - TyreCare\",\"isPartOf\":{\"@id\":\"https:\\\/\\\/tyrecare.fi\\\/#website\"},\"primaryImageOfPage\":{\"@id\":\"https:\\\/\\\/tyrecare.fi\\\/index.php\\\/about\\\/#primaryimage\"},\"image\":{\"@id\":\"https:\\\/\\\/tyrecare.fi\\\/index.php\\\/about\\\/#primaryimage\"},\"thumbnailUrl\":\"https:\\\/\\\/tyrecare.fi\\\/wp-content\\\/uploads\\\/2025\\\/04\\\/StockSnap_M6D1GS9PSL.jpg\",\"datePublished\":\"2025-04-12T12:57:20+00:00\",\"dateModified\":\"2025-04-13T13:37:52+00:00\",\"breadcrumb\":{\"@id\":\"https:\\\/\\\/tyrecare.fi\\\/index.php\\\/about\\\/#breadcrumb\"},\"inLanguage\":\"fi\",\"potentialAction\":[{\"@type\":\"ReadAction\",\"target\":[\"https:\\\/\\\/tyrecare.fi\\\/index.php\\\/about\\\/\"]}]},{\"@type\":\"ImageObject\",\"inLanguage\":\"fi\",\"@id\":\"https:\\\/\\\/tyrecare.fi\\\/index.php\\\/about\\\/#primaryimage\",\"url\":\"https:\\\/\\\/tyrecare.fi\\\/wp-content\\\/uploads\\\/2025\\\/04\\\/StockSnap_M6D1GS9PSL.jpg\",\"contentUrl\":\"https:\\\/\\\/tyrecare.fi\\\/wp-content\\\/uploads\\\/2025\\\/04\\\/StockSnap_M6D1GS9PSL.jpg\",\"width\":2000,\"height\":1317},{\"@type\":\"BreadcrumbList\",\"@id\":\"https:\\\/\\\/tyrecare.fi\\\/index.php\\\/about\\\/#breadcrumb\",\"itemListElement\":[{\"@type\":\"ListItem\",\"position\":1,\"name\":\"Etusivu\",\"item\":\"https:\\\/\\\/tyrecare.fi\\\/\"},{\"@type\":\"ListItem\",\"position\":2,\"name\":\"Vuodesta 2014\"}]},{\"@type\":\"WebSite\",\"@id\":\"https:\\\/\\\/tyrecare.fi\\\/#website\",\"url\":\"https:\\\/\\\/tyrecare.fi\\\/\",\"name\":\"TyreCare\",\"description\":\"\",\"publisher\":{\"@id\":\"https:\\\/\\\/tyrecare.fi\\\/#organization\"},\"potentialAction\":[{\"@type\":\"SearchAction\",\"target\":{\"@type\":\"EntryPoint\",\"urlTemplate\":\"https:\\\/\\\/tyrecare.fi\\\/?s={search_term_string}\"},\"query-input\":{\"@type\":\"PropertyValueSpecification\",\"valueRequired\":true,\"valueName\":\"search_term_string\"}}],\"inLanguage\":\"fi\"},{\"@type\":\"Organization\",\"@id\":\"https:\\\/\\\/tyrecare.fi\\\/#organization\",\"name\":\"TyreCare\",\"url\":\"https:\\\/\\\/tyrecare.fi\\\/\",\"logo\":{\"@type\":\"ImageObject\",\"inLanguage\":\"fi\",\"@id\":\"https:\\\/\\\/tyrecare.fi\\\/#\\\/schema\\\/logo\\\/image\\\/\",\"url\":\"https:\\\/\\\/tyrecare.fi\\\/wp-content\\\/uploads\\\/2025\\\/04\\\/cropped-cropped-Untitled-design.png\",\"contentUrl\":\"https:\\\/\\\/tyrecare.fi\\\/wp-content\\\/uploads\\\/2025\\\/04\\\/cropped-cropped-Untitled-design.png\",\"width\":982,\"height\":231,\"caption\":\"TyreCare\"},\"image\":{\"@id\":\"https:\\\/\\\/tyrecare.fi\\\/#\\\/schema\\\/logo\\\/image\\\/\"}}]}<\/script>\n<!-- \/ Yoast SEO plugin. -->","yoast_head_json":{"title":"Vuodesta 2014 - TyreCare","robots":{"index":"index","follow":"follow","max-snippet":"max-snippet:-1","max-image-preview":"max-image-preview:large","max-video-preview":"max-video-preview:-1"},"canonical":"https:\/\/tyrecare.fi\/index.php\/about\/","og_locale":"fi_FI","og_type":"article","og_title":"Vuodesta 2014 - TyreCare","og_description":"TyreCare \u2013 Suomen ensimm\u00e4inen raskaankaluston TPMS-ratkaisujen tuottaja TyreCare (entiselt\u00e4 nimelt\u00e4\u00e4n TPMS-Finland) on Suomen ensimm\u00e4inen raskaankaluston rengaspaineen ja l\u00e4mp\u00f6tilan valvontaj\u00e4rjestelmien (TPMS) maahantuoja ja markkinoija. Toimme n\u00e4m\u00e4 huipputeknologiset ratkaisut markkinoille jo vuonna 2014, vuosia ennen EU:n asettamia pakollisia vaatimuksia. Alan edell\u00e4k\u00e4vij\u00e4 jo yli 10 vuotta TyreCare on toimittanut kest\u00e4vi\u00e4 ja tarkkoja TPMS-j\u00e4rjestelmi\u00e4 kuorma-autoihin, ajoneuvoyhdistelmiin, linja-autoihin ja ty\u00f6koneisiin. &hellip; Read more \"Vuodesta 2014\"","og_url":"https:\/\/tyrecare.fi\/index.php\/about\/","og_site_name":"TyreCare","article_modified_time":"2025-04-13T13:37:52+00:00","og_image":[{"width":2000,"height":1317,"url":"https:\/\/tyrecare.fi\/wp-content\/uploads\/2025\/04\/StockSnap_M6D1GS9PSL.jpg","type":"image\/jpeg"}],"twitter_card":"summary_large_image","twitter_misc":{"Arvioitu lukuaika":"2 minuuttia"},"schema":{"@context":"https:\/\/schema.org","@graph":[{"@type":"WebPage","@id":"https:\/\/tyrecare.fi\/index.php\/about\/","url":"https:\/\/tyrecare.fi\/index.php\/about\/","name":"Vuodesta 2014 - TyreCare","isPartOf":{"@id":"https:\/\/tyrecare.fi\/#website"},"primaryImageOfPage":{"@id":"https:\/\/tyrecare.fi\/index.php\/about\/#primaryimage"},"image":{"@id":"https:\/\/tyrecare.fi\/index.php\/about\/#primaryimage"},"thumbnailUrl":"https:\/\/tyrecare.fi\/wp-content\/uploads\/2025\/04\/StockSnap_M6D1GS9PSL.jpg","datePublished":"2025-04-12T12:57:20+00:00","dateModified":"2025-04-13T13:37:52+00:00","breadcrumb":{"@id":"https:\/\/tyrecare.fi\/index.php\/about\/#breadcrumb"},"inLanguage":"fi","potentialAction":[{"@type":"ReadAction","target":["https:\/\/tyrecare.fi\/index.php\/about\/"]}]},{"@type":"ImageObject","inLanguage":"fi","@id":"https:\/\/tyrecare.fi\/index.php\/about\/#primaryimage","url":"https:\/\/tyrecare.fi\/wp-content\/uploads\/2025\/04\/StockSnap_M6D1GS9PSL.jpg","contentUrl":"https:\/\/tyrecare.fi\/wp-content\/uploads\/2025\/04\/StockSnap_M6D1GS9PSL.jpg","width":2000,"height":1317},{"@type":"BreadcrumbList","@id":"https:\/\/tyrecare.fi\/index.php\/about\/#breadcrumb","itemListElement":[{"@type":"ListItem","position":1,"name":"Etusivu","item":"https:\/\/tyrecare.fi\/"},{"@type":"ListItem","position":2,"name":"Vuodesta 2014"}]},{"@type":"WebSite","@id":"https:\/\/tyrecare.fi\/#website","url":"https:\/\/tyrecare.fi\/","name":"TyreCare","description":"","publisher":{"@id":"https:\/\/tyrecare.fi\/#organization"},"potentialAction":[{"@type":"SearchAction","target":{"@type":"EntryPoint","urlTemplate":"https:\/\/tyrecare.fi\/?s={search_term_string}"},"query-input":{"@type":"PropertyValueSpecification","valueRequired":true,"valueName":"search_term_string"}}],"inLanguage":"fi"},{"@type":"Organization","@id":"https:\/\/tyrecare.fi\/#organization","name":"TyreCare","url":"https:\/\/tyrecare.fi\/","logo":{"@type":"ImageObject","inLanguage":"fi","@id":"https:\/\/tyrecare.fi\/#\/schema\/logo\/image\/","url":"https:\/\/tyrecare.fi\/wp-content\/uploads\/2025\/04\/cropped-cropped-Untitled-design.png","contentUrl":"https:\/\/tyrecare.fi\/wp-content\/uploads\/2025\/04\/cropped-cropped-Untitled-design.png","width":982,"height":231,"caption":"TyreCare"},"image":{"@id":"https:\/\/tyrecare.fi\/#\/schema\/logo\/image\/"}}]}},"_links":{"self":[{"href":"https:\/\/tyrecare.fi\/index.php\/wp-json\/wp\/v2\/pages\/11","targetHints":{"allow":["GET"]}}],"collection":[{"href":"https:\/\/tyrecare.fi\/index.php\/wp-json\/wp\/v2\/pages"}],"about":[{"href":"https:\/\/tyrecare.fi\/index.php\/wp-json\/wp\/v2\/types\/page"}],"author":[{"embeddable":true,"href":"https:\/\/tyrecare.fi\/index.php\/wp-json\/wp\/v2\/users\/1"}],"replies":[{"embeddable":true,"href":"https:\/\/tyrecare.fi\/index.php\/wp-json\/wp\/v2\/comments?post=11"}],"version-history":[{"count":3,"href":"https:\/\/tyrecare.fi\/index.php\/wp-json\/wp\/v2\/pages\/11\/revisions"}],"predecessor-version":[{"id":115,"href":"https:\/\/tyrecare.fi\/index.php\/wp-json\/wp\/v2\/pages\/11\/revisions\/115"}],"wp:featuredmedia":[{"embeddable":true,"href":"https:\/\/tyrecare.fi\/index.php\/wp-json\/wp\/v2\/media\/8"}],"wp:attachment":[{"href":"https:\/\/tyrecare.fi\/index.php\/wp-json\/wp\/v2\/media?parent=11"}],"curies":[{"name":"wp","href":"https:\/\/api.w.org\/{rel}","templated":true}]}}